{"id":109,"date":"2021-02-14T15:52:22","date_gmt":"2021-02-14T15:52:22","guid":{"rendered":"http:\/\/kvensjukdomalaekningar.is\/?page_id=109"},"modified":"2026-03-03T23:01:19","modified_gmt":"2026-03-03T23:01:19","slug":"boka-tima","status":"publish","type":"page","link":"https:\/\/kvensjukdomalaekningar.is\/en\/boka-tima\/","title":{"rendered":"Book appointment"},"content":{"rendered":"<p>[et_pb_section fb_built=&#8220;1&#8243; disabled_on=&#8220;on|on|on&#8220; _builder_version=&#8220;4.27.5&#8243; _module_preset=&#8220;default&#8220; background_enable_color=&#8220;off&#8220; custom_padding=&#8220;31px|||||&#8220; disabled=&#8220;on&#8220; global_colors_info=&#8220;{}&#8220;][et_pb_row use_custom_gutter=&#8220;on&#8220; gutter_width=&#8220;4&#8243; make_equal=&#8220;on&#8220; _builder_version=&#8220;4.23.4&#8243; _module_preset=&#8220;default&#8220; width=&#8220;90%&#8220; module_alignment=&#8220;center&#8220; custom_margin=&#8220;|auto|-40px|0px|false|false&#8220; global_colors_info=&#8220;{}&#8220;][et_pb_column type=&#8220;4_4&#8243; _builder_version=&#8220;4.16&#8243; _module_preset=&#8220;default&#8220; global_colors_info=&#8220;{}&#8220;][et_pb_text _builder_version=&#8220;4.23.1&#8243; _module_preset=&#8220;default&#8220; header_font=&#8220;DM Sans|700|||||||&#8220; header_text_align=&#8220;center&#8220; header_text_color=&#8220;#1E0E62&#8243; header_font_size=&#8220;50px&#8220; custom_margin=&#8220;|||0px|false|false&#8220; custom_margin_tablet=&#8220;|||0px|false|false&#8220; custom_margin_phone=&#8220;&#8220; custom_margin_last_edited=&#8220;on|tablet&#8220; header_font_size_tablet=&#8220;40px&#8220; header_font_size_phone=&#8220;24px&#8220; header_font_size_last_edited=&#8220;on|phone&#8220; global_colors_info=&#8220;{}&#8220;]<\/p>\n<h1 style=\"text-align: center;\">B\u00f3ka t\u00edma<\/h1>\n<p>[\/et_pb_text][dvppl_cf7_styler form_padding=&#8220;0px|0px|0px|0px|false|false&#8220; cf7=&#8220;167&#8243; form_background_color=&#8220;RGBA(0,0,0,0)&#8220; form_field_active_color=&#8220;rgba(233,58,125,0.12)&#8220; cf7_message_color=&#8220;#1E0E62&#8243; cf7_success_message_color=&#8220;#E93A7D&#8220; _builder_version=&#8220;4.23.1&#8243; _module_preset=&#8220;default&#8220; form_field_font_font=&#8220;DM Sans|600|||||||&#8220; form_field_font_text_color=&#8220;#000000&#8243; form_field_font_font_size=&#8220;14px&#8220; labels_font=&#8220;DM Sans|600|||||||&#8220; labels_text_color=&#8220;#1E0E62&#8243; labels_font_size=&#8220;15px&#8220; placeholder_font=&#8220;Open Sans|||||on|||&#8220; placeholder_line_height=&#8220;0em&#8220; background_enable_color=&#8220;off&#8220; custom_submit_button=&#8220;on&#8220; submit_button_text_size=&#8220;15px&#8220; submit_button_text_color=&#8220;#FFFFFF&#8220; submit_button_bg_color=&#8220;#E93A7D&#8220; submit_button_border_width=&#8220;2px&#8220; submit_button_border_color=&#8220;#E93A7D&#8220; submit_button_border_radius=&#8220;100px&#8220; submit_button_letter_spacing=&#8220;0px&#8220; submit_button_font=&#8220;DM Sans|600|||||||&#8220; submit_button_custom_margin=&#8220;|0px||0px|false|false&#8220; submit_button_custom_padding=&#8220;10px|20px|10px|20px|true|true&#8220; width=&#8220;100%&#8220; max_width=&#8220;100%&#8220; max_height=&#8220;1000px&#8220; custom_margin=&#8220;-30px|0px|1px|0px|false|false&#8220; custom_margin_tablet=&#8220;&#8220; custom_margin_phone=&#8220;|0px||0px|false|false&#8220; custom_margin_last_edited=&#8220;on|phone&#8220; border_radii_field=&#8220;on|5px|5px|5px|5px&#8220; border_width_all_field=&#8220;2px&#8220; border_color_all_field=&#8220;rgba(30,14,98,0.5)&#8220; global_colors_info=&#8220;{}&#8220; submit_button_text_color__hover_enabled=&#8220;on|hover&#8220; submit_button_text_color__hover=&#8220;#E93A7D&#8220; submit_button_bg_color__hover_enabled=&#8220;on|hover&#8220; submit_button_bg_color__hover=&#8220;#FFFFFF&#8220; submit_button_bg_enable_color__hover=&#8220;on&#8220; submit_button_border_color__hover_enabled=&#8220;on|hover&#8220; submit_button_border_color__hover=&#8220;#E93A7D&#8220;][\/dvppl_cf7_styler][et_pb_text module_id=&#8220;forfoll&#8220; _builder_version=&#8220;4.27.4&#8243; _module_preset=&#8220;default&#8220; text_font=&#8220;DM Sans|600|||||||&#8220; text_font_size=&#8220;16px&#8220; text_line_height=&#8220;1.8em&#8220; header_font=&#8220;|800|||||||&#8220; header_3_font=&#8220;DM Sans|700|||||||&#8220; header_3_text_color=&#8220;#E93A7D&#8220; header_3_letter_spacing=&#8220;1px&#8220; header_3_line_height=&#8220;1.4em&#8220; header_4_text_color=&#8220;#002725&#8243; header_4_font_size=&#8220;16px&#8220; header_4_line_height=&#8220;1.4em&#8220; custom_margin=&#8220;||10px||false|false&#8220; custom_margin_tablet=&#8220;-35px||10px||false|false&#8220; custom_margin_phone=&#8220;0px||24px||false|false&#8220; custom_margin_last_edited=&#8220;on|phone&#8220; text_font_size_tablet=&#8220;&#8220; text_font_size_phone=&#8220;14px&#8220; text_font_size_last_edited=&#8220;on|phone&#8220; header_3_font_size_tablet=&#8220;18px&#8220; header_3_font_size_phone=&#8220;16px&#8220; header_3_font_size_last_edited=&#8220;on|phone&#8220; locked=&#8220;off&#8220; global_colors_info=&#8220;{}&#8220;]<\/p>\n<h3 style=\"text-align: center;\">Forf\u00f6ll<\/h3>\n<p style=\"text-align: center;\"><span>Vinsamlega bo\u00f0i\u00f0 forf\u00f6ll me\u00f0 skilabo\u00f0um \u00ed gegnum formi\u00f0 h\u00e9r a\u00f0 ofan fyrir kl 16 daginn fyrir komu.<br \/>A\u00f0 \u00f6\u00f0rum kosti er lagt \u00e1 forfallagjald (9.000 kr.)<\/span><\/p>\n<p>[\/et_pb_text][\/et_pb_column][\/et_pb_row][\/et_pb_section][et_pb_section fb_built=&#8220;1&#8243; admin_label=&#8220;Footer&#8220; _builder_version=&#8220;4.24.2&#8243; _module_preset=&#8220;default&#8220; saved_tabs=&#8220;all&#8220; collapsed=&#8220;on&#8220; global_colors_info=&#8220;{}&#8220;][et_pb_row _builder_version=&#8220;4.24.2&#8243; _module_preset=&#8220;default&#8220; width=&#8220;90%&#8220; max_width=&#8220;none&#8220; custom_padding=&#8220;||2px|||&#8220; locked=&#8220;off&#8220; global_colors_info=&#8220;{}&#8220;][et_pb_column type=&#8220;4_4&#8243; _builder_version=&#8220;4.24.2&#8243; _module_preset=&#8220;default&#8220; global_colors_info=&#8220;{}&#8220;][et_pb_text _builder_version=&#8220;4.27.5&#8243; _module_preset=&#8220;_initial&#8220; header_2_font=&#8220;DM Sans|500||on|||||&#8220; header_2_font_size=&#8220;54px&#8220; header_2_letter_spacing=&#8220;-0.04em&#8220; header_2_text_align_tablet=&#8220;&#8220; header_2_text_align_phone=&#8220;center&#8220; header_2_text_align_last_edited=&#8220;on|phone&#8220; header_2_font_size_tablet=&#8220;40px&#8220; header_2_font_size_phone=&#8220;24px&#8220; header_2_font_size_last_edited=&#8220;on|desktop&#8220; global_colors_info=&#8220;{}&#8220;]<\/p>\n<h2>Hafa samband<\/h2>\n<p>[\/et_pb_text][\/et_pb_column][\/et_pb_row][\/et_pb_section][et_pb_section fb_built=&#8220;1&#8243; _builder_version=&#8220;4.23.1&#8243; _module_preset=&#8220;default&#8220; background_enable_color=&#8220;off&#8220; custom_padding=&#8220;1px|||||&#8220; global_colors_info=&#8220;{}&#8220;][et_pb_row use_custom_gutter=&#8220;on&#8220; gutter_width=&#8220;4&#8243; make_equal=&#8220;on&#8220; _builder_version=&#8220;4.23.4&#8243; _module_preset=&#8220;default&#8220; width=&#8220;90%&#8220; module_alignment=&#8220;center&#8220; custom_margin=&#8220;|auto|-40px|0px|false|false&#8220; global_colors_info=&#8220;{}&#8220;][et_pb_column type=&#8220;4_4&#8243; _builder_version=&#8220;4.16&#8243; _module_preset=&#8220;default&#8220; global_colors_info=&#8220;{}&#8220;][dvppl_cf7_styler form_padding=&#8220;0px|0px|0px|0px|false|false&#8220; cf7=&#8220;255868&#8243; form_background_color=&#8220;RGBA(0,0,0,0)&#8220; form_field_active_color=&#8220;rgba(233,58,125,0.12)&#8220; cf7_message_color=&#8220;#1E0E62&#8243; cf7_success_message_color=&#8220;#E93A7D&#8220; _builder_version=&#8220;4.27.5&#8243; _module_preset=&#8220;default&#8220; form_field_font_font=&#8220;DM Sans|600|||||||&#8220; form_field_font_text_color=&#8220;#000000&#8243; form_field_font_font_size=&#8220;14px&#8220; labels_font=&#8220;DM Sans|600|||||||&#8220; labels_text_color=&#8220;#1E0E62&#8243; labels_font_size=&#8220;15px&#8220; placeholder_font=&#8220;DM Sans|||||on|||&#8220; placeholder_line_height=&#8220;0em&#8220; background_enable_color=&#8220;off&#8220; custom_submit_button=&#8220;on&#8220; submit_button_text_size=&#8220;15px&#8220; submit_button_text_color=&#8220;#FFFFFF&#8220; submit_button_bg_color=&#8220;#E93A7D&#8220; submit_button_border_width=&#8220;2px&#8220; submit_button_border_color=&#8220;#E93A7D&#8220; submit_button_border_radius=&#8220;8px&#8220; submit_button_letter_spacing=&#8220;0px&#8220; submit_button_font=&#8220;DM Sans|600||on|||||&#8220; submit_button_custom_margin=&#8220;|0px||0px|false|false&#8220; submit_button_custom_padding=&#8220;10px|20px|10px|20px|true|true&#8220; width=&#8220;100%&#8220; max_width=&#8220;100%&#8220; max_height=&#8220;1000px&#8220; custom_margin=&#8220;-30px|0px|1px|0px|false|false&#8220; custom_margin_tablet=&#8220;&#8220; custom_margin_phone=&#8220;|0px||0px|false|false&#8220; custom_margin_last_edited=&#8220;on|phone&#8220; border_radii_field=&#8220;on|5px|5px|5px|5px&#8220; border_width_all_field=&#8220;2px&#8220; border_color_all_field=&#8220;rgba(30,14,98,0.5)&#8220; global_colors_info=&#8220;{}&#8220; submit_button_text_color__hover_enabled=&#8220;on|hover&#8220; submit_button_text_color__hover=&#8220;#E93A7D&#8220; submit_button_bg_color__hover_enabled=&#8220;on|hover&#8220; submit_button_bg_color__hover=&#8220;#FFFFFF&#8220; submit_button_bg_enable_color__hover=&#8220;on&#8220; submit_button_border_color__hover_enabled=&#8220;on|hover&#8220; submit_button_border_color__hover=&#8220;#E93A7D&#8220;][\/dvppl_cf7_styler][\/et_pb_column][\/et_pb_row][et_pb_row _builder_version=&#8220;4.27.4&#8243; _module_preset=&#8220;default&#8220; background_color=&#8220;rgba(243,247,42,0.18)&#8220; custom_margin=&#8220;30px||||false|false&#8220; custom_padding=&#8220;3%|4%|3%|4%|true|true&#8220; border_radii=&#8220;on|8px|8px|8px|8px&#8220; border_color_all=&#8220;gcid-555099d8-0bfe-48de-9d1d-02daa12bfc00&#8243; border_width_bottom=&#8220;0px&#8220; locked=&#8220;off&#8220; global_colors_info=&#8220;{%22gcid-555099d8-0bfe-48de-9d1d-02daa12bfc00%22:%91%22border_color_all%22%93,%22gcid-c7a91ef9-8f2c-4a77-860c-352ffa80795b%22:%91%22background_color%22%93}&#8220;][et_pb_column type=&#8220;4_4&#8243; _builder_version=&#8220;4.19.3&#8243; _module_preset=&#8220;default&#8220; global_colors_info=&#8220;{}&#8220;][et_pb_text _builder_version=&#8220;4.27.4&#8243; _module_preset=&#8220;_initial&#8220; header_font=&#8220;||||||||&#8220; header_4_font=&#8220;DM Sans|600|||||||&#8220; header_4_text_color=&#8220;#0e2d41&#8243; header_4_font_size=&#8220;20px&#8220; header_4_line_height=&#8220;1.4em&#8220; custom_margin=&#8220;||10px||false|false&#8220; header_4_font_size_tablet=&#8220;16px&#8220; header_4_font_size_phone=&#8220;15px&#8220; header_4_font_size_last_edited=&#8220;on|desktop&#8220; global_colors_info=&#8220;{}&#8220;]<\/p>\n<h4>Forf\u00f6ll<\/h4>\n<p>[\/et_pb_text][et_pb_text _builder_version=&#8220;4.27.5&#8243; _module_preset=&#8220;_initial&#8220; text_font=&#8220;DM Sans||||||||&#8220; text_text_color=&#8220;#326963&#8243; text_font_size=&#8220;16px&#8220; text_line_height=&#8220;1.8em&#8220; custom_margin=&#8220;||1px||false|false&#8220; hover_enabled=&#8220;0&#8243; header_font_size_tablet=&#8220;55px&#8220; header_font_size_last_edited=&#8220;off|desktop&#8220; global_colors_info=&#8220;{}&#8220; sticky_enabled=&#8220;0&#8243;]<\/p>\n<p><span>Vinsamlega bo\u00f0i\u00f0 forf\u00f6ll me\u00f0 skilabo\u00f0um \u00ed gegnum formi\u00f0 h\u00e9r a\u00f0 ofan fyrir kl 16:00 daginn fyrir komu.<br \/>A\u00f0 \u00f6\u00f0rum kosti er lagt \u00e1 forfallagjald (9.000 kr.)<\/span><\/p>\n<p>[\/et_pb_text][\/et_pb_column][\/et_pb_row][\/et_pb_section]<\/p>\n","protected":false},"excerpt":{"rendered":"<p>B\u00f3ka t\u00edma<div class=\"et_pb_with_border et_pb_module dvppl_cf7_styler dvppl_cf7_styler_0\">\n\t\t\t\t\n\t\t\t\t\n\t\t\t\t\n\t\t\t\t\n\t\t\t\t\n\t\t\t\t\n\t\t\t\t<div class=\"et_pb_module_inner\">\n\t\t\t\t\t<div class=\"dipe-cf7-container dipe-cf7-button-left\">\n\t\t\t\t\n\t\t\t\t<div class=\"dipe-cf7 dipe-cf7-styler \">\n\t\t\t\t\t\n<div class=\"wpcf7 no-js\" id=\"wpcf7-f167-o1\" lang=\"en-US\" dir=\"ltr\" data-wpcf7-id=\"167\">\n<div class=\"screen-reader-response\"><p role=\"status\" aria-live=\"polite\" aria-atomic=\"true\"><\/p> <ul><\/ul><\/div>\n<form action=\"\/en\/wp-json\/wp\/v2\/pages\/109#wpcf7-f167-o1\" method=\"post\" class=\"wpcf7-form init\" aria-label=\"Contact form\" novalidate=\"novalidate\" data-status=\"init\">\n<fieldset class=\"hidden-fields-container\"><input type=\"hidden\" name=\"_wpcf7\" value=\"167\" \/><input type=\"hidden\" name=\"_wpcf7_version\" value=\"6.1.5\" \/><input type=\"hidden\" name=\"_wpcf7_locale\" value=\"en_US\" \/><input type=\"hidden\" name=\"_wpcf7_unit_tag\" value=\"wpcf7-f167-o1\" \/><input type=\"hidden\" name=\"_wpcf7_container_post\" value=\"0\" \/><input type=\"hidden\" name=\"_wpcf7_posted_data_hash\" value=\"\" \/>\n<\/fieldset>\n<div class=\"dp-row\">\n\t\t\t\t<div class=\"dp-col dp-col-12 dp-col-md-4 dp-col-lg-4\">\n\t\t\t\t <label> Nafn <span class=\"wpcf7-form-control-wrap\" data-name=\"your-name\"><input size=\"40\" maxlength=\"400\" class=\"wpcf7-form-control wpcf7-text wpcf7-validates-as-required\" aria-required=\"true\" aria-invalid=\"false\" value=\"\" type=\"text\" name=\"your-name\" \/><\/span> <\/label> \n        \t<\/div> <div class=\"dp-col dp-col-12 dp-col-md-4 dp-col-lg-4\">\n\t\t\t\t <label> T\u00f6lvup\u00f3stfang  <span class=\"wpcf7-form-control-wrap\" data-name=\"your-email\"><input size=\"40\" maxlength=\"400\" class=\"wpcf7-form-control wpcf7-email wpcf7-validates-as-required wpcf7-text wpcf7-validates-as-email\" aria-required=\"true\" aria-invalid=\"false\" value=\"\" type=\"email\" name=\"your-email\" \/><\/span> <\/label> \n        \t<\/div><div class=\"dp-col dp-col-12 dp-col-md-4 dp-col-lg-4\">\n\t\t\t\t<label> Kennitala<span class=\"wpcf7-form-control-wrap\" data-name=\"your-id\"><input size=\"40\" maxlength=\"400\" class=\"wpcf7-form-control wpcf7-text wpcf7-validates-as-required\" aria-required=\"true\" aria-invalid=\"false\" value=\"\" type=\"text\" name=\"your-id\" \/><\/span> <\/label> \n        \t<\/div>\n        \t<\/div>\n<div class=\"dp-row\">\n\t\t\t\t<div class=\"dp-col dp-col-12 dp-col-md-6 dp-col-lg-6\">\n\t\t\t\t<label> S\u00edmi <span class=\"wpcf7-form-control-wrap\" data-name=\"tel-841\"><input size=\"40\" maxlength=\"400\" class=\"wpcf7-form-control wpcf7-tel wpcf7-validates-as-required wpcf7-text wpcf7-validates-as-tel\" aria-required=\"true\" aria-invalid=\"false\" value=\"\" type=\"tel\" name=\"tel-841\" \/><\/span> <\/label>\n        \t<\/div> \n<div class=\"dp-col dp-col-12 dp-col-md-6 dp-col-lg-6\">\n\t\t\t\t <label> Erindi <span class=\"wpcf7-form-control-wrap\" data-name=\"oskad-eftir\"><select class=\"wpcf7-form-control wpcf7-select wpcf7-validates-as-required\" aria-required=\"true\" aria-invalid=\"false\" name=\"oskad-eftir\"><option value=\"\"><\/option><option value=\"Vi\u00f0talst\u00edma (Vinsamlegast tilgreini\u00f0 hve br\u00fdnt erindi\u00f0 er)\">Vi\u00f0talst\u00edma (Vinsamlegast tilgreini\u00f0 hve br\u00fdnt erindi\u00f0 er)<\/option><option value=\"S\u00edmat\u00edma\">S\u00edmat\u00edma<\/option><option value=\"Lyfjaendurn\u00fdjun\">Lyfjaendurn\u00fdjun<\/option><option value=\"Senda skilabo\u00f0\">Senda skilabo\u00f0<\/option><option value=\"Forf\u00f6ll\">Forf\u00f6ll<\/option><\/select><\/span> <\/label> \n        \t<\/div>\n        \t<\/div>\n\n\n<div class=\"dp-row\">\n\t\t\t\t<div class=\"dp-col dp-col-12\">\n\t\t\t\t<label> Skilabo\u00f0 (optional)\n    <span class=\"wpcf7-form-control-wrap\" data-name=\"your-message\"><textarea cols=\"40\" rows=\"10\" maxlength=\"2000\" class=\"wpcf7-form-control wpcf7-textarea\" aria-invalid=\"false\" name=\"your-message\"><\/textarea><\/span> <\/label>\n        \t<\/div>\n        \t<\/div>\n\n<input class=\"wpcf7-form-control wpcf7-submit has-spinner\" type=\"submit\" value=\"B\u00f3ka t\u00edma\" \/><p style=\"display: none !important;\" class=\"akismet-fields-container\" data-prefix=\"_wpcf7_ak_\"><label>&#916;<textarea name=\"_wpcf7_ak_hp_textarea\" cols=\"45\" rows=\"8\" maxlength=\"100\"><\/textarea><\/label><input type=\"hidden\" id=\"ak_js_1\" name=\"_wpcf7_ak_js\" value=\"222\"\/><script>document.getElementById( \"ak_js_1\" ).setAttribute( \"value\", ( new Date() ).getTime() );<\/script><\/p><div class=\"wpcf7-response-output\" aria-hidden=\"true\"><\/div>\n<\/form>\n<\/div>\n\n\t\t\t\t<\/div>\n\t\t\t<\/div>\n\t\t\t\t<\/div>\n\t\t\t<\/div>Forf\u00f6ll Vinsamlega bo\u00f0i\u00f0 forf\u00f6ll [&hellip;]<\/p>\n","protected":false},"author":1,"featured_media":0,"parent":0,"menu_order":0,"comment_status":"closed","ping_status":"closed","template":"","meta":{"_et_pb_use_builder":"on","_et_pb_old_content":"","_et_gb_content_width":"","footnotes":""},"class_list":["post-109","page","type-page","status-publish","hentry"],"yoast_head":"<!-- This site is optimized with the Yoast SEO plugin v27.1.1 - https:\/\/yoast.com\/product\/yoast-seo-wordpress\/ -->\n<title>B\u00f3ka t\u00edma - Kvensj\u00fakd\u00f3mal\u00e6kningar<\/title>\n<meta name=\"robots\" content=\"index, follow, max-snippet:-1, max-image-preview:large, max-video-preview:-1\" \/>\n<link rel=\"canonical\" href=\"https:\/\/kvensjukdomalaekningar.is\/en\/boka-tima\/\" \/>\n<meta property=\"og:locale\" content=\"en_US\" \/>\n<meta property=\"og:type\" content=\"article\" \/>\n<meta property=\"og:title\" content=\"B\u00f3ka t\u00edma - Kvensj\u00fakd\u00f3mal\u00e6kningar\" \/>\n<meta property=\"og:description\" content=\"B\u00f3ka t\u00edmaForf\u00f6ll Vinsamlega bo\u00f0i\u00f0 forf\u00f6ll [&hellip;]\" \/>\n<meta property=\"og:url\" content=\"https:\/\/kvensjukdomalaekningar.is\/en\/boka-tima\/\" \/>\n<meta property=\"og:site_name\" content=\"Kvensj\u00fakd\u00f3mal\u00e6kningar\" \/>\n<meta property=\"article:publisher\" content=\"https:\/\/www.facebook.com\/kvensjukdomalaekningar\" \/>\n<meta property=\"article:modified_time\" content=\"2026-03-03T23:01:19+00:00\" \/>\n<meta name=\"twitter:card\" content=\"summary_large_image\" \/>\n<meta name=\"twitter:label1\" content=\"Est. reading time\" \/>\n\t<meta name=\"twitter:data1\" content=\"6 minutes\" \/>\n<script type=\"application\/ld+json\" class=\"yoast-schema-graph\">{\"@context\":\"https:\/\/schema.org\",\"@graph\":[{\"@type\":\"WebPage\",\"@id\":\"https:\/\/kvensjukdomalaekningar.is\/boka-tima\/\",\"url\":\"https:\/\/kvensjukdomalaekningar.is\/boka-tima\/\",\"name\":\"B\u00f3ka t\u00edma - Kvensj\u00fakd\u00f3mal\u00e6kningar\",\"isPartOf\":{\"@id\":\"https:\/\/kvensjukdomalaekningar.is\/#website\"},\"datePublished\":\"2021-02-14T15:52:22+00:00\",\"dateModified\":\"2026-03-03T23:01:19+00:00\",\"breadcrumb\":{\"@id\":\"https:\/\/kvensjukdomalaekningar.is\/boka-tima\/#breadcrumb\"},\"inLanguage\":\"en-US\",\"potentialAction\":[{\"@type\":\"ReadAction\",\"target\":[\"https:\/\/kvensjukdomalaekningar.is\/boka-tima\/\"]}]},{\"@type\":\"BreadcrumbList\",\"@id\":\"https:\/\/kvensjukdomalaekningar.is\/boka-tima\/#breadcrumb\",\"itemListElement\":[{\"@type\":\"ListItem\",\"position\":1,\"name\":\"Home\",\"item\":\"https:\/\/kvensjukdomalaekningar.is\/\"},{\"@type\":\"ListItem\",\"position\":2,\"name\":\"B\u00f3ka t\u00edma\"}]},{\"@type\":\"WebSite\",\"@id\":\"https:\/\/kvensjukdomalaekningar.is\/#website\",\"url\":\"https:\/\/kvensjukdomalaekningar.is\/\",\"name\":\"Kvensj\u00fakd\u00f3mal\u00e6kningar\",\"description\":\"\",\"potentialAction\":[{\"@type\":\"SearchAction\",\"target\":{\"@type\":\"EntryPoint\",\"urlTemplate\":\"https:\/\/kvensjukdomalaekningar.is\/?s={search_term_string}\"},\"query-input\":{\"@type\":\"PropertyValueSpecification\",\"valueRequired\":true,\"valueName\":\"search_term_string\"}}],\"inLanguage\":\"en-US\"}]}<\/script>\n<!-- \/ Yoast SEO plugin. -->","yoast_head_json":{"title":"B\u00f3ka t\u00edma - Kvensj\u00fakd\u00f3mal\u00e6kningar","robots":{"index":"index","follow":"follow","max-snippet":"max-snippet:-1","max-image-preview":"max-image-preview:large","max-video-preview":"max-video-preview:-1"},"canonical":"https:\/\/kvensjukdomalaekningar.is\/en\/boka-tima\/","og_locale":"en_US","og_type":"article","og_title":"B\u00f3ka t\u00edma - Kvensj\u00fakd\u00f3mal\u00e6kningar","og_description":"B\u00f3ka t\u00edmaForf\u00f6ll Vinsamlega bo\u00f0i\u00f0 forf\u00f6ll [&hellip;]","og_url":"https:\/\/kvensjukdomalaekningar.is\/en\/boka-tima\/","og_site_name":"Kvensj\u00fakd\u00f3mal\u00e6kningar","article_publisher":"https:\/\/www.facebook.com\/kvensjukdomalaekningar","article_modified_time":"2026-03-03T23:01:19+00:00","twitter_card":"summary_large_image","twitter_misc":{"Est. reading time":"6 minutes"},"schema":{"@context":"https:\/\/schema.org","@graph":[{"@type":"WebPage","@id":"https:\/\/kvensjukdomalaekningar.is\/boka-tima\/","url":"https:\/\/kvensjukdomalaekningar.is\/boka-tima\/","name":"B\u00f3ka t\u00edma - Kvensj\u00fakd\u00f3mal\u00e6kningar","isPartOf":{"@id":"https:\/\/kvensjukdomalaekningar.is\/#website"},"datePublished":"2021-02-14T15:52:22+00:00","dateModified":"2026-03-03T23:01:19+00:00","breadcrumb":{"@id":"https:\/\/kvensjukdomalaekningar.is\/boka-tima\/#breadcrumb"},"inLanguage":"en-US","potentialAction":[{"@type":"ReadAction","target":["https:\/\/kvensjukdomalaekningar.is\/boka-tima\/"]}]},{"@type":"BreadcrumbList","@id":"https:\/\/kvensjukdomalaekningar.is\/boka-tima\/#breadcrumb","itemListElement":[{"@type":"ListItem","position":1,"name":"Home","item":"https:\/\/kvensjukdomalaekningar.is\/"},{"@type":"ListItem","position":2,"name":"B\u00f3ka t\u00edma"}]},{"@type":"WebSite","@id":"https:\/\/kvensjukdomalaekningar.is\/#website","url":"https:\/\/kvensjukdomalaekningar.is\/","name":"Kvensj\u00fakd\u00f3mal\u00e6kningar","description":"","potentialAction":[{"@type":"SearchAction","target":{"@type":"EntryPoint","urlTemplate":"https:\/\/kvensjukdomalaekningar.is\/?s={search_term_string}"},"query-input":{"@type":"PropertyValueSpecification","valueRequired":true,"valueName":"search_term_string"}}],"inLanguage":"en-US"}]}},"jetpack_sharing_enabled":true,"_links":{"self":[{"href":"https:\/\/kvensjukdomalaekningar.is\/en\/wp-json\/wp\/v2\/pages\/109","targetHints":{"allow":["GET"]}}],"collection":[{"href":"https:\/\/kvensjukdomalaekningar.is\/en\/wp-json\/wp\/v2\/pages"}],"about":[{"href":"https:\/\/kvensjukdomalaekningar.is\/en\/wp-json\/wp\/v2\/types\/page"}],"author":[{"embeddable":true,"href":"https:\/\/kvensjukdomalaekningar.is\/en\/wp-json\/wp\/v2\/users\/1"}],"replies":[{"embeddable":true,"href":"https:\/\/kvensjukdomalaekningar.is\/en\/wp-json\/wp\/v2\/comments?post=109"}],"version-history":[{"count":46,"href":"https:\/\/kvensjukdomalaekningar.is\/en\/wp-json\/wp\/v2\/pages\/109\/revisions"}],"predecessor-version":[{"id":256193,"href":"https:\/\/kvensjukdomalaekningar.is\/en\/wp-json\/wp\/v2\/pages\/109\/revisions\/256193"}],"wp:attachment":[{"href":"https:\/\/kvensjukdomalaekningar.is\/en\/wp-json\/wp\/v2\/media?parent=109"}],"curies":[{"name":"wp","href":"https:\/\/api.w.org\/{rel}","templated":true}]}}